{"id":4868,"date":"2024-08-05T10:31:19","date_gmt":"2024-08-05T08:31:19","guid":{"rendered":"http:\/\/s1009207933.onlinehome.fr\/?page_id=4868"},"modified":"2024-09-10T12:25:43","modified_gmt":"2024-09-10T10:25:43","slug":"mentionslegales","status":"publish","type":"page","link":"https:\/\/www.stellaria.fr\/en\/mentionslegales\/","title":{"rendered":"mentionslegales"},"content":{"rendered":"<div data-elementor-type=\"wp-page\" data-elementor-id=\"4868\" class=\"elementor elementor-4868\" data-elementor-post-type=\"page\">\n\t\t\t\t<div class=\"elementor-element elementor-element-5a8021 e-flex e-con-boxed e-con e-parent\" data-id=\"5a8021\" data-element_type=\"container\" data-e-type=\"container\">\n\t\t\t\t\t<div class=\"e-con-inner\">\n\t\t\t\t<div class=\"elementor-element elementor-element-5a5bdf9 elementor-widget elementor-widget-spacer\" data-id=\"5a5bdf9\" data-element_type=\"widget\" data-e-type=\"widget\" data-widget_type=\"spacer.default\">\n\t\t\t\t<div class=\"elementor-widget-container\">\n\t\t\t\t\t\t\t<div class=\"elementor-spacer\">\n\t\t\t<div class=\"elementor-spacer-inner\"><\/div>\n\t\t<\/div>\n\t\t\t\t\t\t<\/div>\n\t\t\t\t<\/div>\n\t\t\t\t<div class=\"elementor-element elementor-element-1cde855 elementor-widget elementor-widget-heading\" data-id=\"1cde855\" data-element_type=\"widget\" data-e-type=\"widget\" data-widget_type=\"heading.default\">\n\t\t\t\t<div class=\"elementor-widget-container\">\n\t\t\t\t\t<h2 class=\"elementor-heading-title elementor-size-default\">LEGAL INFORMATION<\/h2>\t\t\t\t<\/div>\n\t\t\t\t<\/div>\n\t\t\t\t<div class=\"elementor-element elementor-element-648bda1 elementor-widget elementor-widget-spacer\" data-id=\"648bda1\" data-element_type=\"widget\" data-e-type=\"widget\" data-widget_type=\"spacer.default\">\n\t\t\t\t<div class=\"elementor-widget-container\">\n\t\t\t\t\t\t\t<div class=\"elementor-spacer\">\n\t\t\t<div class=\"elementor-spacer-inner\"><\/div>\n\t\t<\/div>\n\t\t\t\t\t\t<\/div>\n\t\t\t\t<\/div>\n\t\t\t\t<div class=\"elementor-element elementor-element-fb51823 elementor-widget elementor-widget-text-editor\" data-id=\"fb51823\" data-element_type=\"widget\" data-e-type=\"widget\" data-widget_type=\"text-editor.default\">\n\t\t\t\t<div class=\"elementor-widget-container\">\n\t\t\t\t\t\t\t\t\t<p>In accordance with the provisions of law no. 2004-575 of June 21, 2004 on confidence in the digital economy, users of the Stellaria.fr website are informed of the identity of the various parties involved in its creation and follow-up.<\/p>\n<p><b>Site publication<\/b><\/p>\n<p>This site, accessible at the URL www.stellaria.fr (the \u2018Site\u2019), is published by :<\/p>\n<p><i style=\"\">Stellaria Design<\/i>a company with a share capital of 50,000 euros, registered with the R.C.S. of GRENOBLE under number 952 843 282, whose head office is located at 17 RUE FELIX ESCLANGON 38000 GRENOBLE, represented by Nicolas Breyton, duly authorized.<\/p>\n<p>The publisher's VAT number is FR95952843282.<\/p>\n<p><b>Hosting<\/b><\/p>\n<p>The Site is hosted by 1&amp;1\/IONOS, located at 7 Place de la Gare - 57200 Sarreguemines (telephone contact or email: (+33) 9 70 80 89 11).<\/p>\n<p><b>Publishing Director<\/b><\/p>\n<p>The Site's Publishing Director is Nicolas Breyton.<\/p>\n<p><b>Get in touch<\/b><\/p>\n<p>See contact form<\/p>\n<p><b>Personal data<\/b><\/p>\n<p>Nous collectons et utilisons les donn\u00e9es personnelles uniquement pour fournir nos services, conform\u00e9ment \u00e0 la l\u00e9gislation en vigueur. Vos informations ne sont partag\u00e9es qu&rsquo;avec des tiers n\u00e9cessaires \u00e0 l&rsquo;ex\u00e9cution des services et ne sont jamais vendues. Vous avez le droit d&rsquo;acc\u00e9der, de corriger ou de supprimer vos donn\u00e9es \u00e0 tout moment. Pour toute demande, contactez-nous directement.<\/p>\t\t\t\t\t\t\t\t<\/div>\n\t\t\t\t<\/div>\n\t\t\t\t<div class=\"elementor-element elementor-element-e05ca0e elementor-widget elementor-widget-spacer\" data-id=\"e05ca0e\" data-element_type=\"widget\" data-e-type=\"widget\" data-widget_type=\"spacer.default\">\n\t\t\t\t<div class=\"elementor-widget-container\">\n\t\t\t\t\t\t\t<div class=\"elementor-spacer\">\n\t\t\t<div class=\"elementor-spacer-inner\"><\/div>\n\t\t<\/div>\n\t\t\t\t\t\t<\/div>\n\t\t\t\t<\/div>\n\t\t\t\t\t<\/div>\n\t\t\t\t<\/div>\n\t\t\t\t<\/div>","protected":false},"excerpt":{"rendered":"<p>MENTIONS L\u00c9GALES Conform\u00e9ment aux dispositions de la loi n\u00b0 2004-575 du 21 juin 2004 pour la confiance en l&rsquo;\u00e9conomie num\u00e9rique, il est pr\u00e9cis\u00e9 aux utilisateurs du site Stellaria.fr l&rsquo;identit\u00e9 des diff\u00e9rents intervenants dans le cadre de sa r\u00e9alisation et de son suivi. Edition du site Le pr\u00e9sent site, accessible \u00e0 l\u2019URL www.stellaria.fr (le \u00ab Site [&hellip;]<\/p>","protected":false},"author":247388729,"featured_media":0,"parent":0,"menu_order":0,"comment_status":"closed","ping_status":"closed","template":"","meta":{"jetpack_post_was_ever_published":false,"footnotes":""},"folder":[],"class_list":["post-4868","page","type-page","status-publish","hentry"],"jetpack_likes_enabled":true,"jetpack_sharing_enabled":true,"jetpack_shortlink":"https:\/\/wp.me\/PfPs4a-1gw","jetpack-related-posts":[],"_links":{"self":[{"href":"https:\/\/www.stellaria.fr\/en\/wp-json\/wp\/v2\/pages\/4868","targetHints":{"allow":["GET"]}}],"collection":[{"href":"https:\/\/www.stellaria.fr\/en\/wp-json\/wp\/v2\/pages"}],"about":[{"href":"https:\/\/www.stellaria.fr\/en\/wp-json\/wp\/v2\/types\/page"}],"author":[{"embeddable":true,"href":"https:\/\/www.stellaria.fr\/en\/wp-json\/wp\/v2\/users\/247388729"}],"replies":[{"embeddable":true,"href":"https:\/\/www.stellaria.fr\/en\/wp-json\/wp\/v2\/comments?post=4868"}],"version-history":[{"count":22,"href":"https:\/\/www.stellaria.fr\/en\/wp-json\/wp\/v2\/pages\/4868\/revisions"}],"predecessor-version":[{"id":5560,"href":"https:\/\/www.stellaria.fr\/en\/wp-json\/wp\/v2\/pages\/4868\/revisions\/5560"}],"wp:attachment":[{"href":"https:\/\/www.stellaria.fr\/en\/wp-json\/wp\/v2\/media?parent=4868"}],"wp:term":[{"taxonomy":"folder","embeddable":true,"href":"https:\/\/www.stellaria.fr\/en\/wp-json\/wp\/v2\/folder?post=4868"}],"curies":[{"name":"wp","href":"https:\/\/api.w.org\/{rel}","templated":true}]}}